{"id":4051,"date":"2022-02-20T23:53:04","date_gmt":"2022-02-20T23:53:04","guid":{"rendered":"https:\/\/www.csonewapp.webexperts.me\/?page_id=4051"},"modified":"2022-03-01T23:01:18","modified_gmt":"2022-03-01T23:01:18","slug":"skole","status":"publish","type":"page","link":"https:\/\/www.csonewapp.webexperts.me\/?page_id=4051","title":{"rendered":"\u0160kole"},"content":{"rendered":"\t\t<div data-elementor-type=\"wp-page\" data-elementor-id=\"4051\" class=\"elementor elementor-4051\" data-elementor-settings=\"[]\">\n\t\t\t\t\t\t\t<div class=\"elementor-section-wrap\">\n\t\t\t\t\t\t\t<section class=\"elementor-section elementor-top-section elementor-element elementor-element-12aa9e32 elementor-section-boxed elementor-section-height-default elementor-section-height-default\" data-id=\"12aa9e32\" data-element_type=\"section\">\n\t\t\t\t\t\t<div class=\"elementor-container elementor-column-gap-default\">\n\t\t\t\t\t<div class=\"elementor-column elementor-col-100 elementor-top-column elementor-element elementor-element-74fed939\" data-id=\"74fed939\" data-element_type=\"column\">\n\t\t\t<div class=\"elementor-widget-wrap elementor-element-populated\">\n\t\t\t\t\t\t\t\t<div class=\"elementor-element elementor-element-17ecc6a6 elementor-widget elementor-widget-text-editor\" data-id=\"17ecc6a6\" data-element_type=\"widget\" data-widget_type=\"text-editor.default\">\n\t\t\t\t<div class=\"elementor-widget-container\">\n\t\t\t<style>\/*! elementor - v3.5.6 - 28-02-2022 *\/\n.elementor-widget-text-editor.elementor-drop-cap-view-stacked .elementor-drop-cap{background-color:#818a91;color:#fff}.elementor-widget-text-editor.elementor-drop-cap-view-framed .elementor-drop-cap{color:#818a91;border:3px solid;background-color:transparent}.elementor-widget-text-editor:not(.elementor-drop-cap-view-default) .elementor-drop-cap{margin-top:8px}.elementor-widget-text-editor:not(.elementor-drop-cap-view-default) .elementor-drop-cap-letter{width:1em;height:1em}.elementor-widget-text-editor .elementor-drop-cap{float:left;text-align:center;line-height:1;font-size:50px}.elementor-widget-text-editor .elementor-drop-cap-letter{display:inline-block}<\/style>\t\t\t\t\t\t\t\t\t\t<\/div>\n\t\t\t\t<\/div>\n\t\t\t\t\t<\/div>\n\t\t<\/div>\n\t\t\t\t\t\t\t<\/div>\n\t\t<\/section>\n\t\t\t\t<section class=\"elementor-section elementor-top-section elementor-element elementor-element-5b3cdb6 elementor-section-boxed elementor-section-height-default elementor-section-height-default\" data-id=\"5b3cdb6\" data-element_type=\"section\">\n\t\t\t\t\t\t<div class=\"elementor-container elementor-column-gap-default\">\n\t\t\t\t\t<div class=\"elementor-column elementor-col-100 elementor-top-column elementor-element elementor-element-520f354\" data-id=\"520f354\" data-element_type=\"column\">\n\t\t\t<div class=\"elementor-widget-wrap elementor-element-populated\">\n\t\t\t\t\t\t\t\t<div class=\"elementor-element elementor-element-c677130 elementor-widget elementor-widget-formidable\" data-id=\"c677130\" data-element_type=\"widget\" data-widget_type=\"formidable.default\">\n\t\t\t\t<div class=\"elementor-widget-container\">\n\t\t\tYou do not have permission to view this form.\t\t<\/div>\n\t\t\t\t<\/div>\n\t\t\t\t\t<\/div>\n\t\t<\/div>\n\t\t\t\t\t\t\t<\/div>\n\t\t<\/section>\n\t\t\t\t<section class=\"elementor-section elementor-top-section elementor-element elementor-element-7db618c elementor-section-boxed elementor-section-height-default elementor-section-height-default\" data-id=\"7db618c\" data-element_type=\"section\">\n\t\t\t\t\t\t<div class=\"elementor-container elementor-column-gap-default\">\n\t\t\t\t\t<div class=\"elementor-column elementor-col-100 elementor-top-column elementor-element elementor-element-8a65c34\" data-id=\"8a65c34\" data-element_type=\"column\">\n\t\t\t<div class=\"elementor-widget-wrap elementor-element-populated\">\n\t\t\t\t\t\t\t\t<div class=\"elementor-element elementor-element-2192f3a elementor-widget-divider--view-line elementor-widget elementor-widget-divider\" data-id=\"2192f3a\" data-element_type=\"widget\" data-widget_type=\"divider.default\">\n\t\t\t\t<div class=\"elementor-widget-container\">\n\t\t\t<style>\/*! elementor - v3.5.6 - 28-02-2022 *\/\n.elementor-widget-divider{--divider-border-style:none;--divider-border-width:1px;--divider-color:#2c2c2c;--divider-icon-size:20px;--divider-element-spacing:10px;--divider-pattern-height:24px;--divider-pattern-size:20px;--divider-pattern-url:none;--divider-pattern-repeat:repeat-x}.elementor-widget-divider .elementor-divider{display:-webkit-box;display:-ms-flexbox;display:flex}.elementor-widget-divider .elementor-divider__text{font-size:15px;line-height:1;max-width:95%}.elementor-widget-divider .elementor-divider__element{margin:0 var(--divider-element-spacing);-ms-flex-negative:0;flex-shrink:0}.elementor-widget-divider .elementor-icon{font-size:var(--divider-icon-size)}.elementor-widget-divider .elementor-divider-separator{display:-webkit-box;display:-ms-flexbox;display:flex;margin:0;direction:ltr}.elementor-widget-divider--view-line_icon .elementor-divider-separator,.elementor-widget-divider--view-line_text .elementor-divider-separator{-webkit-box-align:center;-ms-flex-align:center;align-items:center}.elementor-widget-divider--view-line_icon .elementor-divider-separator:after,.elementor-widget-divider--view-line_icon .elementor-divider-separator:before,.elementor-widget-divider--view-line_text .elementor-divider-separator:after,.elementor-widget-divider--view-line_text .elementor-divider-separator:before{display:block;content:\"\";border-bottom:0;-webkit-box-flex:1;-ms-flex-positive:1;flex-grow:1;border-top:var(--divider-border-width) var(--divider-border-style) var(--divider-color)}.elementor-widget-divider--element-align-left .elementor-divider .elementor-divider-separator>.elementor-divider__svg:first-of-type{-webkit-box-flex:0;-ms-flex-positive:0;flex-grow:0;-ms-flex-negative:100;flex-shrink:100}.elementor-widget-divider--element-align-left .elementor-divider-separator:before{content:none}.elementor-widget-divider--element-align-left .elementor-divider__element{margin-left:0}.elementor-widget-divider--element-align-right .elementor-divider .elementor-divider-separator>.elementor-divider__svg:last-of-type{-webkit-box-flex:0;-ms-flex-positive:0;flex-grow:0;-ms-flex-negative:100;flex-shrink:100}.elementor-widget-divider--element-align-right .elementor-divider-separator:after{content:none}.elementor-widget-divider--element-align-right .elementor-divider__element{margin-right:0}.elementor-widget-divider:not(.elementor-widget-divider--view-line_text):not(.elementor-widget-divider--view-line_icon) .elementor-divider-separator{border-top:var(--divider-border-width) var(--divider-border-style) var(--divider-color)}.elementor-widget-divider--separator-type-pattern{--divider-border-style:none}.elementor-widget-divider--separator-type-pattern.elementor-widget-divider--view-line .elementor-divider-separator,.elementor-widget-divider--separator-type-pattern:not(.elementor-widget-divider--view-line) .elementor-divider-separator:after,.elementor-widget-divider--separator-type-pattern:not(.elementor-widget-divider--view-line) .elementor-divider-separator:before,.elementor-widget-divider--separator-type-pattern:not([class*=elementor-widget-divider--view]) .elementor-divider-separator{width:100%;min-height:var(--divider-pattern-height);-webkit-mask-size:var(--divider-pattern-size) 100%;mask-size:var(--divider-pattern-size) 100%;-webkit-mask-repeat:var(--divider-pattern-repeat);mask-repeat:var(--divider-pattern-repeat);background-color:var(--divider-color);-webkit-mask-image:var(--divider-pattern-url);mask-image:var(--divider-pattern-url)}.elementor-widget-divider--no-spacing{--divider-pattern-size:auto}.elementor-widget-divider--bg-round{--divider-pattern-repeat:round}.rtl .elementor-widget-divider .elementor-divider__text{direction:rtl}<\/style>\t\t<div class=\"elementor-divider\">\n\t\t\t<span class=\"elementor-divider-separator\">\n\t\t\t\t\t\t<\/span>\n\t\t<\/div>\n\t\t\t\t<\/div>\n\t\t\t\t<\/div>\n\t\t\t\t\t<\/div>\n\t\t<\/div>\n\t\t\t\t\t\t\t<\/div>\n\t\t<\/section>\n\t\t\t\t<section class=\"elementor-section elementor-top-section elementor-element elementor-element-9d9ed92 elementor-section-boxed elementor-section-height-default elementor-section-height-default\" data-id=\"9d9ed92\" data-element_type=\"section\">\n\t\t\t\t\t\t<div class=\"elementor-container elementor-column-gap-default\">\n\t\t\t\t\t<div class=\"elementor-column elementor-col-100 elementor-top-column elementor-element elementor-element-dd067c2\" data-id=\"dd067c2\" data-element_type=\"column\">\n\t\t\t<div class=\"elementor-widget-wrap elementor-element-populated\">\n\t\t\t\t\t\t\t\t<div class=\"elementor-element elementor-element-414bdbe elementor-widget elementor-widget-formidable-views\" data-id=\"414bdbe\" data-element_type=\"widget\" data-widget_type=\"formidable-views.default\">\n\t\t\t\t<div class=\"elementor-widget-container\">\n\t\t\t<form action=\"https:\/\/www.csonewapp.webexperts.me\/?page_id=4051\" id=\"frm_search_form\" method=\"get\" class=\"searchform wp-block-search\"><input type=\"hidden\" name=\"p\" value=\"4051\" \/><input type=\"search\" name=\"frm_search\" id=\"frm_search\" class=\"s wp-block-search__input\" value=\"\" \/><input type=\"submit\" value=\"Pretra\u017ei\" class=\"searchsubmit wp-block-search__button\" \/><\/form>\n<table class=\"with_frm_style frm-responsive-table frm-alt-table\">\n<thead>\n<tr>\n<th>\u0160kola<\/th>\n<\/tr>\n<\/thead>\n<tbody>\n<tr>\n<td style='--v-responsive-table-label:\"\u0160kola\";'>\n<tr id=\"frm_del_container_1838\">\n<td id=\"frm_edit_container_1838\" width=\"25%\">Podgorica<\/td>\n<td id=\"frm_edit_container_1838\" width=\"55%\">JU Srednja ekonomska \u0161kola &#8220;Mirko Ve\u0161ovi\u0107&#8221; &#8211; Podgorica<\/td>\n<td><\/td>\n<td><\/td>\n<\/tr>\n<\/td>\n<\/tr>\n<tr>\n<td style='--v-responsive-table-label:\"\u0160kola\";'>\n<tr id=\"frm_del_container_1839\">\n<td id=\"frm_edit_container_1839\" width=\"25%\">Podgorica<\/td>\n<td id=\"frm_edit_container_1839\" width=\"55%\">JU Srednja elektrotehni\u010dka \u0161kola  &#8220;Vaso Aligrudi\u0107&#8221; &#8211; Podgorica<\/td>\n<td><\/td>\n<td><\/td>\n<\/tr>\n<\/td>\n<\/tr>\n<tr>\n<td style='--v-responsive-table-label:\"\u0160kola\";'>\n<tr id=\"frm_del_container_1840\">\n<td id=\"frm_edit_container_1840\" width=\"25%\">Podgorica<\/td>\n<td id=\"frm_edit_container_1840\" width=\"55%\">JU Srednja gra\u0111evinsko geodetska \u0161kola &#8220;In\u017e. Marko Radevi\u0107&#8221; &#8211; Podgorica<\/td>\n<td><\/td>\n<td><\/td>\n<\/tr>\n<\/td>\n<\/tr>\n<tr>\n<td style='--v-responsive-table-label:\"\u0160kola\";'>\n<tr id=\"frm_del_container_1841\">\n<td id=\"frm_edit_container_1841\" width=\"25%\">Podgorica<\/td>\n<td id=\"frm_edit_container_1841\" width=\"55%\">JU Srednja mje\u0161ovita \u0161kola Golubovci &#8211; Podgorica<\/td>\n<td><\/td>\n<td><\/td>\n<\/tr>\n<\/td>\n<\/tr>\n<tr>\n<td style='--v-responsive-table-label:\"\u0160kola\";'>\n<tr id=\"frm_del_container_1842\">\n<td id=\"frm_edit_container_1842\" width=\"25%\">Podgorica<\/td>\n<td id=\"frm_edit_container_1842\" width=\"55%\">JU Srednja stru\u010dna \u0161kola  &#8220;Ivan Uskokovi\u0107&#8221; &#8211; Podgorica<\/td>\n<td><\/td>\n<td><\/td>\n<\/tr>\n<\/td>\n<\/tr>\n<tr>\n<td style='--v-responsive-table-label:\"\u0160kola\";'>\n<tr id=\"frm_del_container_1843\">\n<td id=\"frm_edit_container_1843\" width=\"25%\">Podgorica<\/td>\n<td id=\"frm_edit_container_1843\" width=\"55%\">JU Srednja stru\u010dna \u0161kola &#8220;Spasoje Raspopovi\u0107&#8221; &#8211; Podgorica<\/td>\n<td><\/td>\n<td><\/td>\n<\/tr>\n<\/td>\n<\/tr>\n<tr>\n<td style='--v-responsive-table-label:\"\u0160kola\";'>\n<tr id=\"frm_del_container_1844\">\n<td id=\"frm_edit_container_1844\" width=\"25%\">Podgorica<\/td>\n<td id=\"frm_edit_container_1844\" width=\"55%\">JU Stru\u010dna medicinska \u0161kola &#8211; Podgorica<\/td>\n<td><\/td>\n<td><\/td>\n<\/tr>\n<\/td>\n<\/tr>\n<tr>\n<td style='--v-responsive-table-label:\"\u0160kola\";'>\n<tr id=\"frm_del_container_1845\">\n<td id=\"frm_edit_container_1845\" width=\"25%\">Podgorica<\/td>\n<td id=\"frm_edit_container_1845\" width=\"55%\">JU \u0160kola za srednje i vi\u0161e stru\u010dno obrazovanje &#8220;Sergije Stani\u0107&#8221; &#8211; Podgorica<\/td>\n<td><\/td>\n<td><\/td>\n<\/tr>\n<\/td>\n<\/tr>\n<tr>\n<td style='--v-responsive-table-label:\"\u0160kola\";'>\n<tr id=\"frm_del_container_1846\">\n<td id=\"frm_edit_container_1846\" width=\"25%\">Podgorica<\/td>\n<td id=\"frm_edit_container_1846\" width=\"55%\">JU Umjetni\u010dka \u0161kola osnovnog i srednjeg muzi\u010dkog obrazovanja za talente \u201eAndre Navara\u201c &#8211; Podgorica<\/td>\n<td><\/td>\n<td><\/td>\n<\/tr>\n<\/td>\n<\/tr>\n<tr>\n<td style='--v-responsive-table-label:\"\u0160kola\";'>\n<tr id=\"frm_del_container_1847\">\n<td id=\"frm_edit_container_1847\" width=\"25%\">Podgorica<\/td>\n<td id=\"frm_edit_container_1847\" width=\"55%\">JU Umjetni\u010dka \u0161kola za muziku i balet \u201eVasa Pavi\u0107\u201c &#8211; Podgorica<\/td>\n<td><\/td>\n<td><\/td>\n<\/tr>\n<\/td>\n<\/tr>\n<tr>\n<td style='--v-responsive-table-label:\"\u0160kola\";'>\n<tr id=\"frm_del_container_1848\">\n<td id=\"frm_edit_container_1848\" width=\"25%\">Bar<\/td>\n<td id=\"frm_edit_container_1848\" width=\"55%\">JU Srednja ekonomsko ugostiteljska \u0161kola &#8211; Bar<\/td>\n<td><\/td>\n<td><\/td>\n<\/tr>\n<\/td>\n<\/tr>\n<tr>\n<td style='--v-responsive-table-label:\"\u0160kola\";'>\n<tr id=\"frm_del_container_1849\">\n<td id=\"frm_edit_container_1849\" width=\"25%\">Bar<\/td>\n<td id=\"frm_edit_container_1849\" width=\"55%\">JU Srednja stru\u010dna \u0161kola &#8211; Bar<\/td>\n<td><\/td>\n<td><\/td>\n<\/tr>\n<\/td>\n<\/tr>\n<tr>\n<td style='--v-responsive-table-label:\"\u0160kola\";'>\n<tr id=\"frm_del_container_1850\">\n<td id=\"frm_edit_container_1850\" width=\"25%\">Andrijevica<\/td>\n<td id=\"frm_edit_container_1850\" width=\"55%\">JU Srednja mje\u0161ovita \u0161kola &#8211; Andrijevica<\/td>\n<td><\/td>\n<td><\/td>\n<\/tr>\n<\/td>\n<\/tr>\n<tr>\n<td style='--v-responsive-table-label:\"\u0160kola\";'>\n<tr id=\"frm_del_container_1851\">\n<td id=\"frm_edit_container_1851\" width=\"25%\">Berane<\/td>\n<td id=\"frm_edit_container_1851\" width=\"55%\">JU Srednja medicinska \u0161kola &#8220;Dr Branko Zogovi\u0107&#8221; &#8211; Berane<\/td>\n<td><\/td>\n<td><\/td>\n<\/tr>\n<\/td>\n<\/tr>\n<tr>\n<td style='--v-responsive-table-label:\"\u0160kola\";'>\n<tr id=\"frm_del_container_1852\">\n<td id=\"frm_edit_container_1852\" width=\"25%\">Berane<\/td>\n<td id=\"frm_edit_container_1852\" width=\"55%\">JU Srednja stru\u010dna \u0161kola  &#8220;Vukadin Vukadinovi\u0107&#8221; &#8211; Berane<\/td>\n<td><\/td>\n<td><\/td>\n<\/tr>\n<\/td>\n<\/tr>\n<tr>\n<td style='--v-responsive-table-label:\"\u0160kola\";'>\n<tr id=\"frm_del_container_1853\">\n<td id=\"frm_edit_container_1853\" width=\"25%\">Berane<\/td>\n<td id=\"frm_edit_container_1853\" width=\"55%\">JU Srednja stru\u010dna \u0161kola &#8211; Berane<\/td>\n<td><\/td>\n<td><\/td>\n<\/tr>\n<\/td>\n<\/tr>\n<tr>\n<td style='--v-responsive-table-label:\"\u0160kola\";'>\n<tr id=\"frm_del_container_1854\">\n<td id=\"frm_edit_container_1854\" width=\"25%\">Bijelo Polje<\/td>\n<td id=\"frm_edit_container_1854\" width=\"55%\">JU Srednja elektro ekonomska \u0161kola &#8211; Bijelo Polje<\/td>\n<td><\/td>\n<td><\/td>\n<\/tr>\n<\/td>\n<\/tr>\n<tr>\n<td style='--v-responsive-table-label:\"\u0160kola\";'>\n<tr id=\"frm_del_container_1855\">\n<td id=\"frm_edit_container_1855\" width=\"25%\">Bijelo Polje<\/td>\n<td id=\"frm_edit_container_1855\" width=\"55%\">JU Srednja stru\u010dna \u0161kola &#8211; Bijelo Polje<\/td>\n<td><\/td>\n<td><\/td>\n<\/tr>\n<\/td>\n<\/tr>\n<tr>\n<td style='--v-responsive-table-label:\"\u0160kola\";'>\n<tr id=\"frm_del_container_1856\">\n<td id=\"frm_edit_container_1856\" width=\"25%\">Budva<\/td>\n<td id=\"frm_edit_container_1856\" width=\"55%\">JU Srednja mje\u0161ovita \u0161kola &#8220;Danilo Ki\u0161&#8221; &#8211; Budva<\/td>\n<td><\/td>\n<td><\/td>\n<\/tr>\n<\/td>\n<\/tr>\n<tr>\n<td style='--v-responsive-table-label:\"\u0160kola\";'>\n<tr id=\"frm_del_container_1857\">\n<td id=\"frm_edit_container_1857\" width=\"25%\">Cetinje<\/td>\n<td id=\"frm_edit_container_1857\" width=\"55%\">JU Srednja stru\u010dna \u0161kola &#8211; Cetinje<\/td>\n<td><\/td>\n<td><\/td>\n<\/tr>\n<\/td>\n<\/tr>\n<tr>\n<td style='--v-responsive-table-label:\"\u0160kola\";'>\n<tr id=\"frm_del_container_1858\">\n<td id=\"frm_edit_container_1858\" width=\"25%\">Herceg Novi<\/td>\n<td id=\"frm_edit_container_1858\" width=\"55%\">JU Srednja mje\u0161ovita \u0161kola &#8220;Ivan Goran Kova\u010di\u0107&#8221; &#8211; Herceg Novi<\/td>\n<td><\/td>\n<td><\/td>\n<\/tr>\n<\/td>\n<\/tr>\n<tr>\n<td style='--v-responsive-table-label:\"\u0160kola\";'>\n<tr id=\"frm_del_container_1859\">\n<td id=\"frm_edit_container_1859\" width=\"25%\">Kola\u0161in<\/td>\n<td id=\"frm_edit_container_1859\" width=\"55%\">JU Srednja mje\u0161ovita \u0161kola &#8220;Bra\u0107a Seli\u0107&#8221; &#8211; Kola\u0161in<\/td>\n<td><\/td>\n<td><\/td>\n<\/tr>\n<\/td>\n<\/tr>\n<tr>\n<td style='--v-responsive-table-label:\"\u0160kola\";'>\n<tr id=\"frm_del_container_1860\">\n<td id=\"frm_edit_container_1860\" width=\"25%\">Kotor<\/td>\n<td id=\"frm_edit_container_1860\" width=\"55%\">JU Gimnazija &#8211; Kotor<\/td>\n<td><\/td>\n<td><\/td>\n<\/tr>\n<\/td>\n<\/tr>\n<tr>\n<td style='--v-responsive-table-label:\"\u0160kola\";'>\n<tr id=\"frm_del_container_1861\">\n<td id=\"frm_edit_container_1861\" width=\"25%\">Kotor<\/td>\n<td id=\"frm_edit_container_1861\" width=\"55%\">JU Resursni centar &#8220;Dr Peruta Ivanovi\u0107&#8221; &#8211; Kotor<\/td>\n<td><\/td>\n<td><\/td>\n<\/tr>\n<\/td>\n<\/tr>\n<tr>\n<td style='--v-responsive-table-label:\"\u0160kola\";'>\n<tr id=\"frm_del_container_1862\">\n<td id=\"frm_edit_container_1862\" width=\"25%\">Kotor<\/td>\n<td id=\"frm_edit_container_1862\" width=\"55%\">JU Srednja pomorska \u0161kola &#8211; Kotor<\/td>\n<td><\/td>\n<td><\/td>\n<\/tr>\n<\/td>\n<\/tr>\n<tr>\n<td style='--v-responsive-table-label:\"\u0160kola\";'>\n<tr id=\"frm_del_container_1863\">\n<td id=\"frm_edit_container_1863\" width=\"25%\">Kotor<\/td>\n<td id=\"frm_edit_container_1863\" width=\"55%\">JU \u0160kola za osnovno i srednje muzi\u010dkog obrazovanja \u201eVida Matjan\u201c &#8211; Kotor<\/td>\n<td><\/td>\n<td><\/td>\n<\/tr>\n<\/td>\n<\/tr>\n<tr>\n<td style='--v-responsive-table-label:\"\u0160kola\";'>\n<tr id=\"frm_del_container_1864\">\n<td id=\"frm_edit_container_1864\" width=\"25%\">Mojkovac<\/td>\n<td id=\"frm_edit_container_1864\" width=\"55%\">JU Srednja mje\u0161ovita \u0161kola &#8220;Vuksan \u0110uki\u0107&#8221; &#8211; Mojkovac<\/td>\n<td><\/td>\n<td><\/td>\n<\/tr>\n<\/td>\n<\/tr>\n<tr>\n<td style='--v-responsive-table-label:\"\u0160kola\";'>\n<tr id=\"frm_del_container_1865\">\n<td id=\"frm_edit_container_1865\" width=\"25%\">Nik\u0161i\u0107<\/td>\n<td id=\"frm_edit_container_1865\" width=\"55%\">JU Prva srednja stru\u010dna \u0161kola &#8211; Nik\u0161i\u0107<\/td>\n<td><\/td>\n<td><\/td>\n<\/tr>\n<\/td>\n<\/tr>\n<tr>\n<td style='--v-responsive-table-label:\"\u0160kola\";'>\n<tr id=\"frm_del_container_1866\">\n<td id=\"frm_edit_container_1866\" width=\"25%\">Nik\u0161i\u0107<\/td>\n<td id=\"frm_edit_container_1866\" width=\"55%\">JU Srednja ekonomsko ugostiteljska \u0161kola &#8211; Nik\u0161i\u0107<\/td>\n<td><\/td>\n<td><\/td>\n<\/tr>\n<\/td>\n<\/tr>\n<tr>\n<td style='--v-responsive-table-label:\"\u0160kola\";'>\n<tr id=\"frm_del_container_1867\">\n<td id=\"frm_edit_container_1867\" width=\"25%\">Nik\u0161i\u0107<\/td>\n<td id=\"frm_edit_container_1867\" width=\"55%\">JU Srednja stru\u010dna \u0161kola &#8211; Nik\u0161i\u0107<\/td>\n<td><\/td>\n<td><\/td>\n<\/tr>\n<\/td>\n<\/tr>\n<tr>\n<td style='--v-responsive-table-label:\"\u0160kola\";'>\n<tr id=\"frm_del_container_1868\">\n<td id=\"frm_edit_container_1868\" width=\"25%\">Nik\u0161i\u0107<\/td>\n<td id=\"frm_edit_container_1868\" width=\"55%\">JU \u0160kola za osnovno i srednje muzi\u010dko obrazovanje &#8220;Dara \u010cokorilo&#8221; &#8211; Nik\u0161i\u0107<\/td>\n<td><\/td>\n<td><\/td>\n<\/tr>\n<\/td>\n<\/tr>\n<tr>\n<td style='--v-responsive-table-label:\"\u0160kola\";'>\n<tr id=\"frm_del_container_1869\">\n<td id=\"frm_edit_container_1869\" width=\"25%\">Petnjica<\/td>\n<td id=\"frm_edit_container_1869\" width=\"55%\">JU Srednja mje\u0161ovita \u0161kola &#8211; Petnjica<\/td>\n<td><\/td>\n<td><\/td>\n<\/tr>\n<\/td>\n<\/tr>\n<tr>\n<td style='--v-responsive-table-label:\"\u0160kola\";'>\n<tr id=\"frm_del_container_1870\">\n<td id=\"frm_edit_container_1870\" width=\"25%\">Plu\u017eine<\/td>\n<td id=\"frm_edit_container_1870\" width=\"55%\">JU Obrazovni centar &#8211; Plu\u017eine<\/td>\n<td><\/td>\n<td><\/td>\n<\/tr>\n<\/td>\n<\/tr>\n<tr>\n<td style='--v-responsive-table-label:\"\u0160kola\";'>\n<tr id=\"frm_del_container_1871\">\n<td id=\"frm_edit_container_1871\" width=\"25%\">Plav<\/td>\n<td id=\"frm_edit_container_1871\" width=\"55%\">JU Srednja mje\u0161ovita \u0161kola &#8220;Be\u0107o Ba\u0161i\u0107&#8221; &#8211; Plav<\/td>\n<td><\/td>\n<td><\/td>\n<\/tr>\n<\/td>\n<\/tr>\n<tr>\n<td style='--v-responsive-table-label:\"\u0160kola\";'>\n<tr id=\"frm_del_container_1872\">\n<td id=\"frm_edit_container_1872\" width=\"25%\">Pljevlja<\/td>\n<td id=\"frm_edit_container_1872\" width=\"55%\">JU Srednja stru\u010dna \u0161kola &#8211; Pljevlja<\/td>\n<td><\/td>\n<td><\/td>\n<\/tr>\n<\/td>\n<\/tr>\n<tr>\n<td style='--v-responsive-table-label:\"\u0160kola\";'>\n<tr id=\"frm_del_container_1873\">\n<td id=\"frm_edit_container_1873\" width=\"25%\">Ro\u017eaje<\/td>\n<td id=\"frm_edit_container_1873\" width=\"55%\">JU Srednja stru\u010dna \u0161kola &#8211; Ro\u017eaje<\/td>\n<td><\/td>\n<td><\/td>\n<\/tr>\n<\/td>\n<\/tr>\n<tr>\n<td style='--v-responsive-table-label:\"\u0160kola\";'>\n<tr id=\"frm_del_container_1874\">\n<td id=\"frm_edit_container_1874\" width=\"25%\">Tivat<\/td>\n<td id=\"frm_edit_container_1874\" width=\"55%\">JU Srednja mje\u0161ovita \u0161kola &#8220;Mladost&#8221; &#8211; Tivat<\/td>\n<td><\/td>\n<td><\/td>\n<\/tr>\n<\/td>\n<\/tr>\n<tr>\n<td style='--v-responsive-table-label:\"\u0160kola\";'>\n<tr id=\"frm_del_container_1875\">\n<td id=\"frm_edit_container_1875\" width=\"25%\">Tivat<\/td>\n<td id=\"frm_edit_container_1875\" width=\"55%\">JU Srednja muzi\u010dka \u0161kola &#8211; Tivat<\/td>\n<td><\/td>\n<td><\/td>\n<\/tr>\n<\/td>\n<\/tr>\n<tr>\n<td style='--v-responsive-table-label:\"\u0160kola\";'>\n<tr id=\"frm_del_container_1876\">\n<td id=\"frm_edit_container_1876\" width=\"25%\">Tuzi<\/td>\n<td id=\"frm_edit_container_1876\" width=\"55%\">JU Srednja mje\u0161ovita \u0161kola &#8220;25. Maj&#8221; &#8211; Tuzi<\/td>\n<td><\/td>\n<td><\/td>\n<\/tr>\n<\/td>\n<\/tr>\n<tr>\n<td style='--v-responsive-table-label:\"\u0160kola\";'>\n<tr id=\"frm_del_container_1877\">\n<td id=\"frm_edit_container_1877\" width=\"25%\">Ulcinj<\/td>\n<td id=\"frm_edit_container_1877\" width=\"55%\">JU Srednja mje\u0161ovita \u0161kola &#8220;Bratstvo-jedinstvo&#8221; &#8211; Ulcinj<\/td>\n<td><\/td>\n<td><\/td>\n<\/tr>\n<\/td>\n<\/tr>\n<tr>\n<td style='--v-responsive-table-label:\"\u0160kola\";'>\n<tr id=\"frm_del_container_1878\">\n<td id=\"frm_edit_container_1878\" width=\"25%\">\u017dabljak<\/td>\n<td id=\"frm_edit_container_1878\" width=\"55%\">JU Srednja mje\u0161ovita \u0161kola &#8220;17 septembar&#8221; &#8211; \u017dabljak<\/td>\n<td><\/td>\n<td><\/td>\n<\/tr>\n<\/td>\n<\/tr>\n<tr>\n<td style='--v-responsive-table-label:\"\u0160kola\";'>\n<tr id=\"frm_del_container_3369\">\n<td id=\"frm_edit_container_3369\" width=\"25%\">Andrijevica<\/td>\n<td id=\"frm_edit_container_3369\" width=\"55%\">AA<\/td>\n<td><\/td>\n<td><\/td>\n<\/tr>\n<\/td>\n<\/tr>\n<tr>\n<td style='--v-responsive-table-label:\"\u0160kola\";'>\n<tr id=\"frm_del_container_3370\">\n<td id=\"frm_edit_container_3370\" width=\"25%\">Bar<\/td>\n<td id=\"frm_edit_container_3370\" width=\"55%\">BB<\/td>\n<td><\/td>\n<td><\/td>\n<\/tr>\n<\/td>\n<\/tr>\n<tr>\n<td style='--v-responsive-table-label:\"\u0160kola\";'>\n<tr id=\"frm_del_container_3371\">\n<td id=\"frm_edit_container_3371\" width=\"25%\">Bar<\/td>\n<td id=\"frm_edit_container_3371\" width=\"55%\">BB<\/td>\n<td><\/td>\n<td><\/td>\n<\/tr>\n<\/td>\n<\/tr>\n<\/tbody>\n<\/table>\n\t\t<\/div>\n\t\t\t\t<\/div>\n\t\t\t\t\t<\/div>\n\t\t<\/div>\n\t\t\t\t\t\t\t<\/div>\n\t\t<\/section>\n\t\t\t\t\t\t<\/div>\n\t\t\t\t\t<\/div>\n\t\t","protected":false},"excerpt":{"rendered":"<p>\u0160kole Grad * AndrijevicaBarBeraneBijelo PoljeBudvaCetinjeHerceg NoviKola\u0161inKotorMojkovacNik\u0161i\u0107PetnjicaPlavPljevljaPlu\u017einePodgoricaRo\u017eajeTivatTuziUlcinj\u017dabljak \u0160kola * If you are human, leave this field [&hellip;]<\/p>\n","protected":false},"author":1,"featured_media":0,"parent":0,"menu_order":0,"comment_status":"closed","ping_status":"closed","template":"template-minimal.php","meta":{"footnotes":""},"class_list":["post-4051","page","type-page","status-publish","hentry"],"_links":{"self":[{"href":"https:\/\/www.csonewapp.webexperts.me\/index.php?rest_route=\/wp\/v2\/pages\/4051","targetHints":{"allow":["GET"]}}],"collection":[{"href":"https:\/\/www.csonewapp.webexperts.me\/index.php?rest_route=\/wp\/v2\/pages"}],"about":[{"href":"https:\/\/www.csonewapp.webexperts.me\/index.php?rest_route=\/wp\/v2\/types\/page"}],"author":[{"embeddable":true,"href":"https:\/\/www.csonewapp.webexperts.me\/index.php?rest_route=\/wp\/v2\/users\/1"}],"replies":[{"embeddable":true,"href":"https:\/\/www.csonewapp.webexperts.me\/index.php?rest_route=%2Fwp%2Fv2%2Fcomments&post=4051"}],"version-history":[{"count":10,"href":"https:\/\/www.csonewapp.webexperts.me\/index.php?rest_route=\/wp\/v2\/pages\/4051\/revisions"}],"predecessor-version":[{"id":4155,"href":"https:\/\/www.csonewapp.webexperts.me\/index.php?rest_route=\/wp\/v2\/pages\/4051\/revisions\/4155"}],"wp:attachment":[{"href":"https:\/\/www.csonewapp.webexperts.me\/index.php?rest_route=%2Fwp%2Fv2%2Fmedia&parent=4051"}],"curies":[{"name":"wp","href":"https:\/\/api.w.org\/{rel}","templated":true}]}}